{"id":475,"date":"2020-04-01T15:41:39","date_gmt":"2020-04-01T15:41:39","guid":{"rendered":"http:\/\/www.lara-media.de\/?page_id=475"},"modified":"2025-09-25T09:10:27","modified_gmt":"2025-09-25T09:10:27","slug":"legal-notice-impressum","status":"publish","type":"page","link":"https:\/\/www.lara-media.de\/en\/legal-notice-impressum\/","title":{"rendered":"Impressum"},"content":{"rendered":"[vc_row][vc_column][vc_column_text]\n<h3>Impressum<\/h3>\n<p>lara.media | marketing &amp; consulting<br \/>Inhaber: Lars Rathjen<br \/>Jagdhausstr. 30 c<br \/>76530 Baden-Baden, Germany<\/p>\n<p>E: lars.rathjen@lara-media.net<br \/>W: www.lara-media.de<\/p>\n<p>Umsatzsteuer-Identifikationsnummer gem\u00e4\u00df \u00a7 27a Umsatzsteuergesetz: USt-IdNr.: DE 279352934<\/p>\n<p>Verantwortlichkeit i.S.d. TMG Inhaltlich Verantwortlicher f\u00fcr den Inhalt der Internetseiten: Lars Rathjen<\/p>\n<h4>Haftungshinweis<\/h4>\n<p>Trotz sorgf\u00e4ltiger inhaltlicher Kontrolle \u00fcbernehmen wir keine Haftung f\u00fcr die Inhalte externer Links. F\u00fcr den Inhalt der verlinkten Seiten sind ausschlie\u00dflich deren Betreiber verantwortlich.<\/p>\n<h4><strong>Information zur Online Streitbeilegung:<\/strong><\/h4>\n<p>Die Europ\u00e4ische Kommission stellt eine Plattform zur Online-Streitbeilegung (OS) bereit.<br \/>Diese Plattform finden Sie unter folgendem Link: <a href=\"https:\/\/ec.europa.eu\/consumers\/odr\/\">https:\/\/ec.europa.eu\/consumers\/odr\/<\/a>.<br \/>Verbraucher k\u00f6nnen diese Plattform nutzen, um ihre Streitigkeiten aus Online-Vertr\u00e4gen beizulegen.<\/p>\n<h4>Urheberrecht und Bildnachweise:<\/h4>\n<p>Die Inhalte von www.lara-media.de sind, soweit nicht abweichend angegeben, urheberrechtlich gesch\u00fctzt.<br \/>Verwendete Fotografien sind ggf. mit Bildnachweisen gekennzeichnet oder unten aufgef\u00fchrt, soweit sie nicht selbst angefertigt wurden.<br \/>Die Fotografie wurden bei Fotolia, Shutterstock.com oder Getty Images lizenziert. Die Verwendung von Fotografien auf Drittseiten ist nur im Rahmen der jeweiligen Lizenz der Urheber m\u00f6glich.<\/p>\n\n<p>&nbsp;<\/p>\n[\/vc_column_text][\/vc_column][\/vc_row]\n","protected":false},"excerpt":{"rendered":"<p>[vc_row][vc_column][vc_column_text] &nbsp; [\/vc_column_text][\/vc_column][\/vc_row]<\/p>\n","protected":false},"author":1,"featured_media":0,"parent":0,"menu_order":0,"comment_status":"closed","ping_status":"closed","template":"","meta":[],"yoast_head":"<!-- This site is optimized with the Yoast SEO plugin v20.1 - https:\/\/yoast.com\/wordpress\/plugins\/seo\/ -->\n<title>Impressum | lara.media - marketing - consulting<\/title>\n<meta name=\"description\" content=\"Beratung f\u00fcr digitales Marketing und digitale Produkte. Digitalisierung. Technologie. Customer Centricity. CRM. Lifecycle. Media. Consulting\" \/>\n<meta name=\"robots\" content=\"noindex, nofollow\" \/>\n<meta property=\"og:locale\" content=\"en_US\" \/>\n<meta property=\"og:type\" content=\"article\" \/>\n<meta property=\"og:title\" content=\"Impressum | lara.media - marketing - consulting\" \/>\n<meta property=\"og:description\" content=\"Beratung f\u00fcr digitales Marketing und digitale Produkte. Digitalisierung. Technologie. Customer Centricity. CRM. Lifecycle. Media. Consulting\" \/>\n<meta property=\"og:url\" content=\"https:\/\/www.lara-media.de\/legal-notice-impressum\/\" \/>\n<meta property=\"og:site_name\" content=\"lara.media - marketing - consulting\" \/>\n<meta property=\"article:modified_time\" content=\"2025-09-25T09:10:27+00:00\" \/>\n<meta name=\"twitter:card\" content=\"summary_large_image\" \/>\n<meta name=\"twitter:label1\" content=\"Est. reading time\" \/>\n\t<meta name=\"twitter:data1\" content=\"1 minute\" \/>\n<script type=\"application\/ld+json\" class=\"yoast-schema-graph\">{\"@context\":\"https:\/\/schema.org\",\"@graph\":[{\"@type\":\"WebPage\",\"@id\":\"https:\/\/www.lara-media.de\/legal-notice-impressum\/\",\"url\":\"https:\/\/www.lara-media.de\/legal-notice-impressum\/\",\"name\":\"Impressum | lara.media - marketing - consulting\",\"isPartOf\":{\"@id\":\"https:\/\/www.lara-media.de\/#website\"},\"datePublished\":\"2020-04-01T15:41:39+00:00\",\"dateModified\":\"2025-09-25T09:10:27+00:00\",\"description\":\"Beratung f\u00fcr digitales Marketing und digitale Produkte. Digitalisierung. Technologie. Customer Centricity. CRM. Lifecycle. Media. Consulting\",\"breadcrumb\":{\"@id\":\"https:\/\/www.lara-media.de\/legal-notice-impressum\/#breadcrumb\"},\"inLanguage\":\"en-US\",\"potentialAction\":[{\"@type\":\"ReadAction\",\"target\":[\"https:\/\/www.lara-media.de\/legal-notice-impressum\/\"]}]},{\"@type\":\"BreadcrumbList\",\"@id\":\"https:\/\/www.lara-media.de\/legal-notice-impressum\/#breadcrumb\",\"itemListElement\":[{\"@type\":\"ListItem\",\"position\":1,\"name\":\"Startseite\",\"item\":\"https:\/\/www.lara-media.de\/\"},{\"@type\":\"ListItem\",\"position\":2,\"name\":\"Impressum\"}]},{\"@type\":\"WebSite\",\"@id\":\"https:\/\/www.lara-media.de\/#website\",\"url\":\"https:\/\/www.lara-media.de\/\",\"name\":\"lara.media - marketing - consulting\",\"description\":\"innovation &amp; solution\",\"publisher\":{\"@id\":\"https:\/\/www.lara-media.de\/#organization\"},\"potentialAction\":[{\"@type\":\"SearchAction\",\"target\":{\"@type\":\"EntryPoint\",\"urlTemplate\":\"https:\/\/www.lara-media.de\/?s={search_term_string}\"},\"query-input\":\"required name=search_term_string\"}],\"inLanguage\":\"en-US\"},{\"@type\":\"Organization\",\"@id\":\"https:\/\/www.lara-media.de\/#organization\",\"name\":\"lara.media - marketing & consulting\",\"url\":\"https:\/\/www.lara-media.de\/\",\"logo\":{\"@type\":\"ImageObject\",\"inLanguage\":\"en-US\",\"@id\":\"https:\/\/www.lara-media.de\/#\/schema\/logo\/image\/\",\"url\":\"https:\/\/www.lara-media.de\/wp-content\/uploads\/2020\/11\/Logo-lara-consulting.png\",\"contentUrl\":\"https:\/\/www.lara-media.de\/wp-content\/uploads\/2020\/11\/Logo-lara-consulting.png\",\"width\":600,\"height\":600,\"caption\":\"lara.media - marketing & consulting\"},\"image\":{\"@id\":\"https:\/\/www.lara-media.de\/#\/schema\/logo\/image\/\"},\"sameAs\":[\"https:\/\/www.xing.com\/profile\/Lars_Rathjen\",\"https:\/\/www.linkedin.com\/in\/larsrathjen\/\"]}]}<\/script>\n<!-- \/ Yoast SEO plugin. -->","yoast_head_json":{"title":"Impressum | lara.media - marketing - consulting","description":"Beratung f\u00fcr digitales Marketing und digitale Produkte. Digitalisierung. Technologie. Customer Centricity. CRM. Lifecycle. Media. Consulting","robots":{"index":"noindex","follow":"nofollow"},"og_locale":"en_US","og_type":"article","og_title":"Impressum | lara.media - marketing - consulting","og_description":"Beratung f\u00fcr digitales Marketing und digitale Produkte. Digitalisierung. Technologie. Customer Centricity. CRM. Lifecycle. Media. Consulting","og_url":"https:\/\/www.lara-media.de\/legal-notice-impressum\/","og_site_name":"lara.media - marketing - consulting","article_modified_time":"2025-09-25T09:10:27+00:00","twitter_card":"summary_large_image","twitter_misc":{"Est. reading time":"1 minute"},"schema":{"@context":"https:\/\/schema.org","@graph":[{"@type":"WebPage","@id":"https:\/\/www.lara-media.de\/legal-notice-impressum\/","url":"https:\/\/www.lara-media.de\/legal-notice-impressum\/","name":"Impressum | lara.media - marketing - consulting","isPartOf":{"@id":"https:\/\/www.lara-media.de\/#website"},"datePublished":"2020-04-01T15:41:39+00:00","dateModified":"2025-09-25T09:10:27+00:00","description":"Beratung f\u00fcr digitales Marketing und digitale Produkte. Digitalisierung. Technologie. Customer Centricity. CRM. Lifecycle. Media. Consulting","breadcrumb":{"@id":"https:\/\/www.lara-media.de\/legal-notice-impressum\/#breadcrumb"},"inLanguage":"en-US","potentialAction":[{"@type":"ReadAction","target":["https:\/\/www.lara-media.de\/legal-notice-impressum\/"]}]},{"@type":"BreadcrumbList","@id":"https:\/\/www.lara-media.de\/legal-notice-impressum\/#breadcrumb","itemListElement":[{"@type":"ListItem","position":1,"name":"Startseite","item":"https:\/\/www.lara-media.de\/"},{"@type":"ListItem","position":2,"name":"Impressum"}]},{"@type":"WebSite","@id":"https:\/\/www.lara-media.de\/#website","url":"https:\/\/www.lara-media.de\/","name":"lara.media - marketing - consulting","description":"innovation &amp; solution","publisher":{"@id":"https:\/\/www.lara-media.de\/#organization"},"potentialAction":[{"@type":"SearchAction","target":{"@type":"EntryPoint","urlTemplate":"https:\/\/www.lara-media.de\/?s={search_term_string}"},"query-input":"required name=search_term_string"}],"inLanguage":"en-US"},{"@type":"Organization","@id":"https:\/\/www.lara-media.de\/#organization","name":"lara.media - marketing & consulting","url":"https:\/\/www.lara-media.de\/","logo":{"@type":"ImageObject","inLanguage":"en-US","@id":"https:\/\/www.lara-media.de\/#\/schema\/logo\/image\/","url":"https:\/\/www.lara-media.de\/wp-content\/uploads\/2020\/11\/Logo-lara-consulting.png","contentUrl":"https:\/\/www.lara-media.de\/wp-content\/uploads\/2020\/11\/Logo-lara-consulting.png","width":600,"height":600,"caption":"lara.media - marketing & consulting"},"image":{"@id":"https:\/\/www.lara-media.de\/#\/schema\/logo\/image\/"},"sameAs":["https:\/\/www.xing.com\/profile\/Lars_Rathjen","https:\/\/www.linkedin.com\/in\/larsrathjen\/"]}]}},"_links":{"self":[{"href":"https:\/\/www.lara-media.de\/en\/wp-json\/wp\/v2\/pages\/475"}],"collection":[{"href":"https:\/\/www.lara-media.de\/en\/wp-json\/wp\/v2\/pages"}],"about":[{"href":"https:\/\/www.lara-media.de\/en\/wp-json\/wp\/v2\/types\/page"}],"author":[{"embeddable":true,"href":"https:\/\/www.lara-media.de\/en\/wp-json\/wp\/v2\/users\/1"}],"replies":[{"embeddable":true,"href":"https:\/\/www.lara-media.de\/en\/wp-json\/wp\/v2\/comments?post=475"}],"version-history":[{"count":12,"href":"https:\/\/www.lara-media.de\/en\/wp-json\/wp\/v2\/pages\/475\/revisions"}],"predecessor-version":[{"id":829,"href":"https:\/\/www.lara-media.de\/en\/wp-json\/wp\/v2\/pages\/475\/revisions\/829"}],"wp:attachment":[{"href":"https:\/\/www.lara-media.de\/en\/wp-json\/wp\/v2\/media?parent=475"}],"curies":[{"name":"wp","href":"https:\/\/api.w.org\/{rel}","templated":true}]}}